{"id":9,"date":"2026-03-30T09:34:26","date_gmt":"2026-03-30T09:34:26","guid":{"rendered":"https:\/\/fidelcastrejon.rkinformatika.online\/?page_id=9"},"modified":"2026-04-01T10:15:58","modified_gmt":"2026-04-01T10:15:58","slug":"servicios","status":"publish","type":"page","link":"https:\/\/fidelcastrejon.es\/en\/servicios\/","title":{"rendered":"Services"},"content":{"rendered":"<div data-elementor-type=\"wp-page\" data-elementor-id=\"9\" class=\"elementor elementor-9\" data-elementor-post-type=\"page\">\n\t\t\t\t<div class=\"elementor-element elementor-element-489f5ed e-flex e-con-boxed e-con e-parent\" data-id=\"489f5ed\" data-element_type=\"container\" data-e-type=\"container\" data-settings=\"{&quot;background_background&quot;:&quot;classic&quot;}\">\n\t\t\t\t\t<div class=\"e-con-inner\">\n\t\t\t\t<div class=\"elementor-element elementor-element-9104d56 elementor-widget elementor-widget-heading\" data-id=\"9104d56\" data-element_type=\"widget\" data-e-type=\"widget\" data-widget_type=\"heading.default\">\n\t\t\t\t\t<h2 class=\"elementor-heading-title elementor-size-default\">Fidel Castrej\u00f3n Ram\u00edrez<\/h2>\t\t\t\t<\/div>\n\t\t\t\t\t<\/div>\n\t\t\t\t<\/div>\n\t\t<div class=\"elementor-element elementor-element-752a1c3 e-flex e-con-boxed e-con e-parent\" data-id=\"752a1c3\" data-element_type=\"container\" data-e-type=\"container\">\n\t\t\t\t\t<div class=\"e-con-inner\">\n\t\t\t\t<div class=\"elementor-element elementor-element-a417a69 elementor-widget elementor-widget-heading\" data-id=\"a417a69\" data-element_type=\"widget\" data-e-type=\"widget\" data-widget_type=\"heading.default\">\n\t\t\t\t\t<h2 class=\"elementor-heading-title elementor-size-default\">Estrategia, creatividad y resultados en acci\u00f3n<\/h2>\t\t\t\t<\/div>\n\t\t\t\t\t<\/div>\n\t\t\t\t<\/div>\n\t\t<div class=\"elementor-element elementor-element-dbde6b8 e-flex e-con-boxed e-con e-parent\" data-id=\"dbde6b8\" data-element_type=\"container\" data-e-type=\"container\" data-settings=\"{&quot;background_background&quot;:&quot;gradient&quot;}\">\n\t\t\t\t\t<div class=\"e-con-inner\">\n\t\t<div class=\"elementor-element elementor-element-a32e0da e-con-full e-flex e-con e-child\" data-id=\"a32e0da\" data-element_type=\"container\" data-e-type=\"container\" data-settings=\"{&quot;background_background&quot;:&quot;classic&quot;}\">\n\t\t\t\t<div class=\"elementor-element elementor-element-1a33409 elementor-cta--skin-classic elementor-animated-content elementor-bg-transform elementor-bg-transform-zoom-in elementor-widget elementor-widget-call-to-action\" data-id=\"1a33409\" data-element_type=\"widget\" data-e-type=\"widget\" data-widget_type=\"call-to-action.default\">\n\t\t\t\t\t\t\t<div class=\"elementor-cta\">\n\t\t\t\t\t<div class=\"elementor-cta__bg-wrapper\">\n\t\t\t\t<div class=\"elementor-cta__bg elementor-bg\" style=\"background-image: url(https:\/\/fidelcastrejon.es\/wp-content\/uploads\/2026\/04\/marketing_04.jpg);\" role=\"img\" aria-label=\"marketing_04\"><\/div>\n\t\t\t\t<div class=\"elementor-cta__bg-overlay\"><\/div>\n\t\t\t<\/div>\n\t\t\t\t\t\t\t<div class=\"elementor-cta__content\">\n\t\t\t\t\n\t\t\t\t\t\t\t\t\t<h2 class=\"elementor-cta__title elementor-cta__content-item elementor-content-item\">\n\t\t\t\t\t\tRedes Sociales que Conectan\t\t\t\t\t<\/h2>\n\t\t\t\t\n\t\t\t\t\t\t\t\t\t<div class=\"elementor-cta__description elementor-cta__content-item elementor-content-item\">\n\t\t\t\t\t\tGesti\u00f3n integral de tus redes sociales con un enfoque estrat\u00e9gico y creativo. Creo, planifico y optimizo contenidos para aumentar tu visibilidad, generar interacci\u00f3n y construir una comunidad fiel alrededor de tu marca.\t\t\t\t\t<\/div>\n\t\t\t\t\n\t\t\t\t\t\t\t<\/div>\n\t\t\t\t\t\t<\/div>\n\t\t\t\t\t\t<\/div>\n\t\t\t\t<\/div>\n\t\t<div class=\"elementor-element elementor-element-b2763e8 e-con-full e-flex e-con e-child\" data-id=\"b2763e8\" data-element_type=\"container\" data-e-type=\"container\" data-settings=\"{&quot;background_background&quot;:&quot;classic&quot;}\">\n\t\t\t\t<div class=\"elementor-element elementor-element-bb3f367 elementor-cta--skin-classic elementor-animated-content elementor-bg-transform elementor-bg-transform-zoom-in elementor-widget elementor-widget-call-to-action\" data-id=\"bb3f367\" data-element_type=\"widget\" data-e-type=\"widget\" data-widget_type=\"call-to-action.default\">\n\t\t\t\t\t\t\t<div class=\"elementor-cta\">\n\t\t\t\t\t<div class=\"elementor-cta__bg-wrapper\">\n\t\t\t\t<div class=\"elementor-cta__bg elementor-bg\" style=\"background-image: url(https:\/\/fidelcastrejon.es\/wp-content\/uploads\/2026\/04\/marketing_05.jpg);\" role=\"img\" aria-label=\"marketing_05\"><\/div>\n\t\t\t\t<div class=\"elementor-cta__bg-overlay\"><\/div>\n\t\t\t<\/div>\n\t\t\t\t\t\t\t<div class=\"elementor-cta__content\">\n\t\t\t\t\n\t\t\t\t\t\t\t\t\t<h2 class=\"elementor-cta__title elementor-cta__content-item elementor-content-item\">\n\t\t\t\t\t\tContenidos que Dejan Huella\t\t\t\t\t<\/h2>\n\t\t\t\t\n\t\t\t\t\t\t\t\t\t<div class=\"elementor-cta__description elementor-cta__content-item elementor-content-item\">\n\t\t\t\t\t\tDesarrollo contenidos atractivos y relevantes que comunican, educan y conectan. Desde art\u00edculos y copys hasta guiones y piezas visuales, todo pensado para transmitir tu esencia y aportar valor real a tu audiencia.\t\t\t\t\t<\/div>\n\t\t\t\t\n\t\t\t\t\t\t\t<\/div>\n\t\t\t\t\t\t<\/div>\n\t\t\t\t\t\t<\/div>\n\t\t\t\t<\/div>\n\t\t<div class=\"elementor-element elementor-element-43cd7a8 e-con-full e-flex e-con e-child\" data-id=\"43cd7a8\" data-element_type=\"container\" data-e-type=\"container\" data-settings=\"{&quot;background_background&quot;:&quot;classic&quot;}\">\n\t\t\t\t<div class=\"elementor-element elementor-element-16ecc91 elementor-cta--skin-classic elementor-animated-content elementor-bg-transform elementor-bg-transform-zoom-in elementor-widget elementor-widget-call-to-action\" data-id=\"16ecc91\" data-element_type=\"widget\" data-e-type=\"widget\" data-widget_type=\"call-to-action.default\">\n\t\t\t\t\t\t\t<div class=\"elementor-cta\">\n\t\t\t\t\t<div class=\"elementor-cta__bg-wrapper\">\n\t\t\t\t<div class=\"elementor-cta__bg elementor-bg\" style=\"background-image: url(https:\/\/fidelcastrejon.es\/wp-content\/uploads\/2026\/04\/marketing_06.jpg);\" role=\"img\" aria-label=\"marketing_06\"><\/div>\n\t\t\t\t<div class=\"elementor-cta__bg-overlay\"><\/div>\n\t\t\t<\/div>\n\t\t\t\t\t\t\t<div class=\"elementor-cta__content\">\n\t\t\t\t\n\t\t\t\t\t\t\t\t\t<h2 class=\"elementor-cta__title elementor-cta__content-item elementor-content-item\">\n\t\t\t\t\t\tEstrategias que Funcionan\t\t\t\t\t<\/h2>\n\t\t\t\t\n\t\t\t\t\t\t\t\t\t<div class=\"elementor-cta__description elementor-cta__content-item elementor-content-item\">\n\t\t\t\t\t\tDise\u00f1o estrategias de marketing digital adaptadas a tus objetivos y a tu p\u00fablico. Analizo tu situaci\u00f3n, detecto oportunidades y defino acciones concretas para mejorar tu posicionamiento y resultados.\t\t\t\t\t<\/div>\n\t\t\t\t\n\t\t\t\t\t\t\t<\/div>\n\t\t\t\t\t\t<\/div>\n\t\t\t\t\t\t<\/div>\n\t\t\t\t<\/div>\n\t\t<div class=\"elementor-element elementor-element-a62812a e-con-full e-flex e-con e-child\" data-id=\"a62812a\" data-element_type=\"container\" data-e-type=\"container\" data-settings=\"{&quot;background_background&quot;:&quot;classic&quot;}\">\n\t\t\t\t<div class=\"elementor-element elementor-element-eb7b4fb elementor-cta--skin-classic elementor-animated-content elementor-bg-transform elementor-bg-transform-zoom-in elementor-widget elementor-widget-call-to-action\" data-id=\"eb7b4fb\" data-element_type=\"widget\" data-e-type=\"widget\" data-widget_type=\"call-to-action.default\">\n\t\t\t\t\t\t\t<div class=\"elementor-cta\">\n\t\t\t\t\t<div class=\"elementor-cta__bg-wrapper\">\n\t\t\t\t<div class=\"elementor-cta__bg elementor-bg\" style=\"background-image: url(https:\/\/fidelcastrejon.es\/wp-content\/uploads\/2026\/04\/marketing_07.jpg);\" role=\"img\" aria-label=\"marketing_07\"><\/div>\n\t\t\t\t<div class=\"elementor-cta__bg-overlay\"><\/div>\n\t\t\t<\/div>\n\t\t\t\t\t\t\t<div class=\"elementor-cta__content\">\n\t\t\t\t\n\t\t\t\t\t\t\t\t\t<h2 class=\"elementor-cta__title elementor-cta__content-item elementor-content-item\">\n\t\t\t\t\t\tComunicaci\u00f3n con Direcci\u00f3n\t\t\t\t\t<\/h2>\n\t\t\t\t\n\t\t\t\t\t\t\t\t\t<div class=\"elementor-cta__description elementor-cta__content-item elementor-content-item\">\n\t\t\t\t\t\tTe ayudo a definir una comunicaci\u00f3n clara, coherente y alineada con tu marca. Desde la construcci\u00f3n de tu mensaje hasta la elecci\u00f3n de canales, todo enfocado a mejorar tu impacto y credibilidad.\t\t\t\t\t<\/div>\n\t\t\t\t\n\t\t\t\t\t\t\t<\/div>\n\t\t\t\t\t\t<\/div>\n\t\t\t\t\t\t<\/div>\n\t\t\t\t<\/div>\n\t\t<div class=\"elementor-element elementor-element-f5eb4b5 e-con-full e-flex e-con e-child\" data-id=\"f5eb4b5\" data-element_type=\"container\" data-e-type=\"container\" data-settings=\"{&quot;background_background&quot;:&quot;classic&quot;}\">\n\t\t\t\t<div class=\"elementor-element elementor-element-0601dc0 elementor-cta--skin-classic elementor-animated-content elementor-bg-transform elementor-bg-transform-zoom-in elementor-widget elementor-widget-call-to-action\" data-id=\"0601dc0\" data-element_type=\"widget\" data-e-type=\"widget\" data-widget_type=\"call-to-action.default\">\n\t\t\t\t\t\t\t<div class=\"elementor-cta\">\n\t\t\t\t\t<div class=\"elementor-cta__bg-wrapper\">\n\t\t\t\t<div class=\"elementor-cta__bg elementor-bg\" style=\"background-image: url(https:\/\/fidelcastrejon.es\/wp-content\/uploads\/2026\/04\/prensa_04-1024x1024.jpg);\" role=\"img\" aria-label=\"prensa_04\"><\/div>\n\t\t\t\t<div class=\"elementor-cta__bg-overlay\"><\/div>\n\t\t\t<\/div>\n\t\t\t\t\t\t\t<div class=\"elementor-cta__content\">\n\t\t\t\t\n\t\t\t\t\t\t\t\t\t<h2 class=\"elementor-cta__title elementor-cta__content-item elementor-content-item\">\n\t\t\t\t\t\tHistorias que Generan Impacto\t\t\t\t\t<\/h2>\n\t\t\t\t\n\t\t\t\t\t\t\t\t\t<div class=\"elementor-cta__description elementor-cta__content-item elementor-content-item\">\n\t\t\t\t\t\tCobertura y redacci\u00f3n de contenidos period\u00edsticos para dar visibilidad a tus noticias, eventos y proyectos. Transformo la informaci\u00f3n en relatos atractivos que conectan con medios, clientes y audiencia.\t\t\t\t\t<\/div>\n\t\t\t\t\n\t\t\t\t\t\t\t<\/div>\n\t\t\t\t\t\t<\/div>\n\t\t\t\t\t\t<\/div>\n\t\t\t\t<\/div>\n\t\t<div class=\"elementor-element elementor-element-9b02b6e e-con-full e-flex e-con e-child\" data-id=\"9b02b6e\" data-element_type=\"container\" data-e-type=\"container\" data-settings=\"{&quot;background_background&quot;:&quot;classic&quot;}\">\n\t\t\t\t<div class=\"elementor-element elementor-element-f1c9d45 elementor-cta--skin-classic elementor-animated-content elementor-bg-transform elementor-bg-transform-zoom-in elementor-widget elementor-widget-call-to-action\" data-id=\"f1c9d45\" data-element_type=\"widget\" data-e-type=\"widget\" data-widget_type=\"call-to-action.default\">\n\t\t\t\t\t\t\t<div class=\"elementor-cta\">\n\t\t\t\t\t<div class=\"elementor-cta__bg-wrapper\">\n\t\t\t\t<div class=\"elementor-cta__bg elementor-bg\" style=\"background-image: url(https:\/\/fidelcastrejon.es\/wp-content\/uploads\/2026\/04\/marketing_08.jpg);\" role=\"img\" aria-label=\"marketing_08\"><\/div>\n\t\t\t\t<div class=\"elementor-cta__bg-overlay\"><\/div>\n\t\t\t<\/div>\n\t\t\t\t\t\t\t<div class=\"elementor-cta__content\">\n\t\t\t\t\n\t\t\t\t\t\t\t\t\t<h2 class=\"elementor-cta__title elementor-cta__content-item elementor-content-item\">\n\t\t\t\t\t\tIA sin Complicaciones\t\t\t\t\t<\/h2>\n\t\t\t\t\n\t\t\t\t\t\t\t\t\t<div class=\"elementor-cta__description elementor-cta__content-item elementor-content-item\">\n\t\t\t\t\t\tFormaci\u00f3n pr\u00e1ctica en inteligencia artificial aplicada a empresas. Aprender\u00e1s a utilizar herramientas de IA de forma sencilla, \u00fatil y adaptada a tu d\u00eda a d\u00eda para mejorar procesos, creatividad y productividad.\t\t\t\t\t<\/div>\n\t\t\t\t\n\t\t\t\t\t\t\t<\/div>\n\t\t\t\t\t\t<\/div>\n\t\t\t\t\t\t<\/div>\n\t\t\t\t<\/div>\n\t\t\t\t\t<\/div>\n\t\t\t\t<\/div>\n\t\t<div class=\"elementor-element elementor-element-54c48aa e-flex e-con-boxed e-con e-parent\" data-id=\"54c48aa\" data-element_type=\"container\" data-e-type=\"container\" data-settings=\"{&quot;background_background&quot;:&quot;classic&quot;}\">\n\t\t\t\t\t<div class=\"e-con-inner\">\n\t\t<div class=\"elementor-element elementor-element-3ed4d5a e-con-full e-flex e-con e-child\" data-id=\"3ed4d5a\" data-element_type=\"container\" data-e-type=\"container\" data-settings=\"{&quot;background_background&quot;:&quot;classic&quot;}\">\n\t\t\t\t<div class=\"elementor-element elementor-element-4cb6552 elementor-widget elementor-widget-heading\" data-id=\"4cb6552\" data-element_type=\"widget\" data-e-type=\"widget\" data-widget_type=\"heading.default\">\n\t\t\t\t\t<h2 class=\"elementor-heading-title elementor-size-default\">Detr\u00e1s de cada gran marca, hay grandes ideas.<\/h2>\t\t\t\t<\/div>\n\t\t\t\t<div class=\"elementor-element elementor-element-2449d64 elementor-widget elementor-widget-text-editor\" data-id=\"2449d64\" data-element_type=\"widget\" data-e-type=\"widget\" data-widget_type=\"text-editor.default\">\n\t\t\t\t\t\t\t\t\t<p>Explora el blog y aprende c\u00f3mo llevar las tuyas al siguiente nivel.<\/p>\t\t\t\t\t\t\t\t<\/div>\n\t\t\t\t<div class=\"elementor-element elementor-element-0bea346 elementor-widget elementor-widget-button\" data-id=\"0bea346\" data-element_type=\"widget\" data-e-type=\"widget\" data-widget_type=\"button.default\">\n\t\t\t\t\t\t\t\t\t\t<a class=\"elementor-button elementor-button-link elementor-size-sm elementor-animation-grow\" href=\"\/en\/blog\/\">\n\t\t\t\t\t\t<span class=\"elementor-button-content-wrapper\">\n\t\t\t\t\t\t<span class=\"elementor-button-icon\">\n\t\t\t\t<svg aria-hidden=\"true\" class=\"e-font-icon-svg e-far-keyboard\" viewbox=\"0 0 576 512\" xmlns=\"http:\/\/www.w3.org\/2000\/svg\"><path d=\"M528 64H48C21.49 64 0 85.49 0 112v288c0 26.51 21.49 48 48 48h480c26.51 0 48-21.49 48-48V112c0-26.51-21.49-48-48-48zm8 336c0 4.411-3.589 8-8 8H48c-4.411 0-8-3.589-8-8V112c0-4.411 3.589-8 8-8h480c4.411 0 8 3.589 8 8v288zM170 270v-28c0-6.627-5.373-12-12-12h-28c-6.627 0-12 5.373-12 12v28c0 6.627 5.373 12 12 12h28c6.627 0 12-5.373 12-12zm96 0v-28c0-6.627-5.373-12-12-12h-28c-6.627 0-12 5.373-12 12v28c0 6.627 5.373 12 12 12h28c6.627 0 12-5.373 12-12zm96 0v-28c0-6.627-5.373-12-12-12h-28c-6.627 0-12 5.373-12 12v28c0 6.627 5.373 12 12 12h28c6.627 0 12-5.373 12-12zm96 0v-28c0-6.627-5.373-12-12-12h-28c-6.627 0-12 5.373-12 12v28c0 6.627 5.373 12 12 12h28c6.627 0 12-5.373 12-12zm-336 82v-28c0-6.627-5.373-12-12-12H82c-6.627 0-12 5.373-12 12v28c0 6.627 5.373 12 12 12h28c6.627 0 12-5.373 12-12zm384 0v-28c0-6.627-5.373-12-12-12h-28c-6.627 0-12 5.373-12 12v28c0 6.627 5.373 12 12 12h28c6.627 0 12-5.373 12-12zM122 188v-28c0-6.627-5.373-12-12-12H82c-6.627 0-12 5.373-12 12v28c0 6.627 5.373 12 12 12h28c6.627 0 12-5.373 12-12zm96 0v-28c0-6.627-5.373-12-12-12h-28c-6.627 0-12 5.373-12 12v28c0 6.627 5.373 12 12 12h28c6.627 0 12-5.373 12-12zm96 0v-28c0-6.627-5.373-12-12-12h-28c-6.627 0-12 5.373-12 12v28c0 6.627 5.373 12 12 12h28c6.627 0 12-5.373 12-12zm96 0v-28c0-6.627-5.373-12-12-12h-28c-6.627 0-12 5.373-12 12v28c0 6.627 5.373 12 12 12h28c6.627 0 12-5.373 12-12zm96 0v-28c0-6.627-5.373-12-12-12h-28c-6.627 0-12 5.373-12 12v28c0 6.627 5.373 12 12 12h28c6.627 0 12-5.373 12-12zm-98 158v-16c0-6.627-5.373-12-12-12H180c-6.627 0-12 5.373-12 12v16c0 6.627 5.373 12 12 12h216c6.627 0 12-5.373 12-12z\"><\/path><\/svg>\t\t\t<\/span>\n\t\t\t\t\t\t\t\t\t<span class=\"elementor-button-text\">Blog<\/span>\n\t\t\t\t\t<\/span>\n\t\t\t\t\t<\/a>\n\t\t\t\t\t\t\t\t<\/div>\n\t\t\t\t<\/div>\n\t\t\t\t\t<\/div>\n\t\t\t\t<\/div>\n\t\t\t\t<\/div>","protected":false},"excerpt":{"rendered":"<p>Fidel Castrej\u00f3n Ram\u00edrez Estrategia, creatividad y resultados en acci\u00f3n Redes Sociales que Conectan Gesti\u00f3n integral de tus redes sociales con un enfoque estrat\u00e9gico y creativo. Creo, planifico y optimizo contenidos para aumentar tu visibilidad, generar interacci\u00f3n y construir una comunidad fiel alrededor de tu marca. Contenidos que Dejan Huella Desarrollo contenidos atractivos y relevantes que [&hellip;]<\/p>\n","protected":false},"author":1,"featured_media":0,"parent":0,"menu_order":0,"comment_status":"closed","ping_status":"closed","template":"elementor_canvas","meta":{"footnotes":""},"class_list":["post-9","page","type-page","status-publish","hentry"],"yoast_head":"<!-- This site is optimized with the Yoast SEO plugin v27.3 - https:\/\/yoast.com\/product\/yoast-seo-wordpress\/ -->\n<title>Servicios - Fidel Castrejon<\/title>\n<meta name=\"robots\" content=\"index, follow, max-snippet:-1, max-image-preview:large, max-video-preview:-1\" \/>\n<link rel=\"canonical\" href=\"https:\/\/fidelcastrejon.es\/en\/servicios\/\" \/>\n<meta property=\"og:locale\" content=\"en_GB\" \/>\n<meta property=\"og:type\" content=\"article\" \/>\n<meta property=\"og:title\" content=\"Servicios - Fidel Castrejon\" \/>\n<meta property=\"og:description\" content=\"Fidel Castrej\u00f3n Ram\u00edrez Estrategia, creatividad y resultados en acci\u00f3n Redes Sociales que Conectan Gesti\u00f3n integral de tus redes sociales con un enfoque estrat\u00e9gico y creativo. Creo, planifico y optimizo contenidos para aumentar tu visibilidad, generar interacci\u00f3n y construir una comunidad fiel alrededor de tu marca. Contenidos que Dejan Huella Desarrollo contenidos atractivos y relevantes que [&hellip;]\" \/>\n<meta property=\"og:url\" content=\"https:\/\/fidelcastrejon.es\/en\/servicios\/\" \/>\n<meta property=\"og:site_name\" content=\"Fidel Castrejon\" \/>\n<meta property=\"article:modified_time\" content=\"2026-04-01T10:15:58+00:00\" \/>\n<meta name=\"twitter:card\" content=\"summary_large_image\" \/>\n<meta name=\"twitter:label1\" content=\"Estimated reading time\" \/>\n\t<meta name=\"twitter:data1\" content=\"2 minutes\" \/>\n<script type=\"application\/ld+json\" class=\"yoast-schema-graph\">{\"@context\":\"https:\\\/\\\/schema.org\",\"@graph\":[{\"@type\":\"WebPage\",\"@id\":\"https:\\\/\\\/fidelcastrejon.es\\\/servicios\\\/\",\"url\":\"https:\\\/\\\/fidelcastrejon.es\\\/servicios\\\/\",\"name\":\"Servicios - Fidel Castrejon\",\"isPartOf\":{\"@id\":\"https:\\\/\\\/fidelcastrejon.es\\\/#website\"},\"datePublished\":\"2026-03-30T09:34:26+00:00\",\"dateModified\":\"2026-04-01T10:15:58+00:00\",\"breadcrumb\":{\"@id\":\"https:\\\/\\\/fidelcastrejon.es\\\/servicios\\\/#breadcrumb\"},\"inLanguage\":\"en-GB\",\"potentialAction\":[{\"@type\":\"ReadAction\",\"target\":[\"https:\\\/\\\/fidelcastrejon.es\\\/servicios\\\/\"]}]},{\"@type\":\"BreadcrumbList\",\"@id\":\"https:\\\/\\\/fidelcastrejon.es\\\/servicios\\\/#breadcrumb\",\"itemListElement\":[{\"@type\":\"ListItem\",\"position\":1,\"name\":\"Portada\",\"item\":\"https:\\\/\\\/fidelcastrejon.es\\\/\"},{\"@type\":\"ListItem\",\"position\":2,\"name\":\"Servicios\"}]},{\"@type\":\"WebSite\",\"@id\":\"https:\\\/\\\/fidelcastrejon.es\\\/#website\",\"url\":\"https:\\\/\\\/fidelcastrejon.es\\\/\",\"name\":\"Fidel Castrejon\",\"description\":\"Profesional en Marketing y Comunicaci\u00f3n en Madrid \\\/ +34 605 543 330\",\"publisher\":{\"@id\":\"https:\\\/\\\/fidelcastrejon.es\\\/#organization\"},\"potentialAction\":[{\"@type\":\"SearchAction\",\"target\":{\"@type\":\"EntryPoint\",\"urlTemplate\":\"https:\\\/\\\/fidelcastrejon.es\\\/?s={search_term_string}\"},\"query-input\":{\"@type\":\"PropertyValueSpecification\",\"valueRequired\":true,\"valueName\":\"search_term_string\"}}],\"inLanguage\":\"en-GB\"},{\"@type\":\"Organization\",\"@id\":\"https:\\\/\\\/fidelcastrejon.es\\\/#organization\",\"name\":\"Fidel Castrejon\",\"url\":\"https:\\\/\\\/fidelcastrejon.es\\\/\",\"logo\":{\"@type\":\"ImageObject\",\"inLanguage\":\"en-GB\",\"@id\":\"https:\\\/\\\/fidelcastrejon.es\\\/#\\\/schema\\\/logo\\\/image\\\/\",\"url\":\"https:\\\/\\\/fidelcastrejon.es\\\/wp-content\\\/uploads\\\/2026\\\/03\\\/Diseno-sin-titulo.png\",\"contentUrl\":\"https:\\\/\\\/fidelcastrejon.es\\\/wp-content\\\/uploads\\\/2026\\\/03\\\/Diseno-sin-titulo.png\",\"width\":2000,\"height\":2000,\"caption\":\"Fidel Castrejon\"},\"image\":{\"@id\":\"https:\\\/\\\/fidelcastrejon.es\\\/#\\\/schema\\\/logo\\\/image\\\/\"}}]}<\/script>\n<!-- \/ Yoast SEO plugin. -->","yoast_head_json":{"title":"Servicios - Fidel Castrejon","robots":{"index":"index","follow":"follow","max-snippet":"max-snippet:-1","max-image-preview":"max-image-preview:large","max-video-preview":"max-video-preview:-1"},"canonical":"https:\/\/fidelcastrejon.es\/en\/servicios\/","og_locale":"en_GB","og_type":"article","og_title":"Servicios - Fidel Castrejon","og_description":"Fidel Castrej\u00f3n Ram\u00edrez Estrategia, creatividad y resultados en acci\u00f3n Redes Sociales que Conectan Gesti\u00f3n integral de tus redes sociales con un enfoque estrat\u00e9gico y creativo. Creo, planifico y optimizo contenidos para aumentar tu visibilidad, generar interacci\u00f3n y construir una comunidad fiel alrededor de tu marca. Contenidos que Dejan Huella Desarrollo contenidos atractivos y relevantes que [&hellip;]","og_url":"https:\/\/fidelcastrejon.es\/en\/servicios\/","og_site_name":"Fidel Castrejon","article_modified_time":"2026-04-01T10:15:58+00:00","twitter_card":"summary_large_image","twitter_misc":{"Estimated reading time":"2 minutes"},"schema":{"@context":"https:\/\/schema.org","@graph":[{"@type":"WebPage","@id":"https:\/\/fidelcastrejon.es\/servicios\/","url":"https:\/\/fidelcastrejon.es\/servicios\/","name":"Servicios - Fidel Castrejon","isPartOf":{"@id":"https:\/\/fidelcastrejon.es\/#website"},"datePublished":"2026-03-30T09:34:26+00:00","dateModified":"2026-04-01T10:15:58+00:00","breadcrumb":{"@id":"https:\/\/fidelcastrejon.es\/servicios\/#breadcrumb"},"inLanguage":"en-GB","potentialAction":[{"@type":"ReadAction","target":["https:\/\/fidelcastrejon.es\/servicios\/"]}]},{"@type":"BreadcrumbList","@id":"https:\/\/fidelcastrejon.es\/servicios\/#breadcrumb","itemListElement":[{"@type":"ListItem","position":1,"name":"Portada","item":"https:\/\/fidelcastrejon.es\/"},{"@type":"ListItem","position":2,"name":"Servicios"}]},{"@type":"WebSite","@id":"https:\/\/fidelcastrejon.es\/#website","url":"https:\/\/fidelcastrejon.es\/","name":"Fidel Castrejon","description":"Profesional en Marketing y Comunicaci\u00f3n en Madrid \/ +34 605 543 330","publisher":{"@id":"https:\/\/fidelcastrejon.es\/#organization"},"potentialAction":[{"@type":"SearchAction","target":{"@type":"EntryPoint","urlTemplate":"https:\/\/fidelcastrejon.es\/?s={search_term_string}"},"query-input":{"@type":"PropertyValueSpecification","valueRequired":true,"valueName":"search_term_string"}}],"inLanguage":"en-GB"},{"@type":"Organization","@id":"https:\/\/fidelcastrejon.es\/#organization","name":"Fidel Castrejon","url":"https:\/\/fidelcastrejon.es\/","logo":{"@type":"ImageObject","inLanguage":"en-GB","@id":"https:\/\/fidelcastrejon.es\/#\/schema\/logo\/image\/","url":"https:\/\/fidelcastrejon.es\/wp-content\/uploads\/2026\/03\/Diseno-sin-titulo.png","contentUrl":"https:\/\/fidelcastrejon.es\/wp-content\/uploads\/2026\/03\/Diseno-sin-titulo.png","width":2000,"height":2000,"caption":"Fidel Castrejon"},"image":{"@id":"https:\/\/fidelcastrejon.es\/#\/schema\/logo\/image\/"}}]}},"_links":{"self":[{"href":"https:\/\/fidelcastrejon.es\/en\/wp-json\/wp\/v2\/pages\/9","targetHints":{"allow":["GET"]}}],"collection":[{"href":"https:\/\/fidelcastrejon.es\/en\/wp-json\/wp\/v2\/pages"}],"about":[{"href":"https:\/\/fidelcastrejon.es\/en\/wp-json\/wp\/v2\/types\/page"}],"author":[{"embeddable":true,"href":"https:\/\/fidelcastrejon.es\/en\/wp-json\/wp\/v2\/users\/1"}],"replies":[{"embeddable":true,"href":"https:\/\/fidelcastrejon.es\/en\/wp-json\/wp\/v2\/comments?post=9"}],"version-history":[{"count":52,"href":"https:\/\/fidelcastrejon.es\/en\/wp-json\/wp\/v2\/pages\/9\/revisions"}],"predecessor-version":[{"id":414,"href":"https:\/\/fidelcastrejon.es\/en\/wp-json\/wp\/v2\/pages\/9\/revisions\/414"}],"wp:attachment":[{"href":"https:\/\/fidelcastrejon.es\/en\/wp-json\/wp\/v2\/media?parent=9"}],"curies":[{"name":"wp","href":"https:\/\/api.w.org\/{rel}","templated":true}]}}