{"id":2,"date":"2026-03-30T08:20:13","date_gmt":"2026-03-30T08:20:13","guid":{"rendered":"https:\/\/fidelcastrejon.rkinformatika.online\/?page_id=2"},"modified":"2026-03-31T09:04:43","modified_gmt":"2026-03-31T09:04:43","slug":"inicio","status":"publish","type":"page","link":"https:\/\/fidelcastrejon.es\/en\/","title":{"rendered":"Home"},"content":{"rendered":"<div data-elementor-type=\"wp-page\" data-elementor-id=\"2\" class=\"elementor elementor-2\" data-elementor-post-type=\"page\">\n\t\t\t\t<div class=\"elementor-element elementor-element-51949d3 e-flex e-con-boxed e-con e-parent\" data-id=\"51949d3\" data-element_type=\"container\" data-e-type=\"container\" data-settings=\"{&quot;background_background&quot;:&quot;classic&quot;}\">\n\t\t\t\t\t<div class=\"e-con-inner\">\n\t\t\t\t<div class=\"elementor-element elementor-element-8aabf0d elementor-widget elementor-widget-heading\" data-id=\"8aabf0d\" data-element_type=\"widget\" data-e-type=\"widget\" data-widget_type=\"heading.default\">\n\t\t\t\t\t<h2 class=\"elementor-heading-title elementor-size-default\">Fidel Castrej\u00f3n Ram\u00edrez<\/h2>\t\t\t\t<\/div>\n\t\t\t\t<div class=\"elementor-element elementor-element-f604048 elementor-headline--style-highlight elementor-widget elementor-widget-animated-headline\" data-id=\"f604048\" data-element_type=\"widget\" data-e-type=\"widget\" data-settings=\"{&quot;marker&quot;:&quot;underline&quot;,&quot;highlighted_text&quot;:&quot;Marketing y Comunicaci\\u00f3n&quot;,&quot;headline_style&quot;:&quot;highlight&quot;,&quot;loop&quot;:&quot;yes&quot;,&quot;highlight_animation_duration&quot;:1200,&quot;highlight_iteration_delay&quot;:8000}\" data-widget_type=\"animated-headline.default\">\n\t\t\t\t\t\t\t<h3 class=\"elementor-headline\">\n\t\t\t\t\t<span class=\"elementor-headline-plain-text elementor-headline-text-wrapper\">Expert in <\/span>\n\t\t\t\t<span class=\"elementor-headline-dynamic-wrapper elementor-headline-text-wrapper\">\n\t\t\t\t\t<span class=\"elementor-headline-dynamic-text elementor-headline-text-active\">Marketing and Communication<\/span>\n\t\t\t\t<\/span>\n\t\t\t\t<\/h3>\n\t\t\t\t\t\t<\/div>\n\t\t\t\t\t<\/div>\n\t\t\t\t<\/div>\n\t\t<div class=\"elementor-element elementor-element-7105509 e-flex e-con-boxed e-con e-parent\" data-id=\"7105509\" data-element_type=\"container\" data-e-type=\"container\" data-settings=\"{&quot;background_background&quot;:&quot;classic&quot;}\">\n\t\t\t\t\t<div class=\"e-con-inner\">\n\t\t\t\t<div class=\"elementor-element elementor-element-c06ec74 elementor-widget elementor-widget-heading\" data-id=\"c06ec74\" data-element_type=\"widget\" data-e-type=\"widget\" data-widget_type=\"heading.default\">\n\t\t\t\t\t<h2 class=\"elementor-heading-title elementor-size-default\">Turn your communication into something that truly connects.<\/h2>\t\t\t\t<\/div>\n\t\t\t\t\t<\/div>\n\t\t\t\t<\/div>\n\t\t<div class=\"elementor-element elementor-element-a9cb124 e-flex e-con-boxed e-con e-parent\" data-id=\"a9cb124\" data-element_type=\"container\" data-e-type=\"container\" data-settings=\"{&quot;background_background&quot;:&quot;classic&quot;}\">\n\t\t\t\t\t<div class=\"e-con-inner\">\n\t\t<div class=\"elementor-element elementor-element-c3f099f e-con-full e-flex e-con e-child\" data-id=\"c3f099f\" data-element_type=\"container\" data-e-type=\"container\">\n\t\t\t\t<div class=\"elementor-element elementor-element-da91ada elementor-widget elementor-widget-heading\" data-id=\"da91ada\" data-element_type=\"widget\" data-e-type=\"widget\" data-widget_type=\"heading.default\">\n\t\t\t\t\t<h2 class=\"elementor-heading-title elementor-size-default\"> Who am I?<\/h2>\t\t\t\t<\/div>\n\t\t\t\t<div class=\"elementor-element elementor-element-c2c047d elementor-widget elementor-widget-text-editor\" data-id=\"c2c047d\" data-element_type=\"widget\" data-e-type=\"widget\" data-widget_type=\"text-editor.default\">\n\t\t\t\t\t\t\t\t\t<p data-start=\"70\" data-end=\"183\">I'm Fidel, a marketing and communications professional. I transform ideas into stories that connect and make an impact.<\/p><p data-start=\"185\" data-end=\"351\">I have worked as a journalist, community manager and marketing manager, learning that communicating is not just talking, but also exciting, adding value and leaving a mark.<\/p><p data-start=\"353\" data-end=\"454\">Today I help brands find their voice and stand out with strategy, creativity, and meaningful content.<\/p><p data-start=\"456\" data-end=\"507\" data-is-last-node=\"\" data-is-only-node=\"\">Because it's not just about being there, but about connecting.<\/p>\t\t\t\t\t\t\t\t<\/div>\n\t\t\t\t<\/div>\n\t\t<div class=\"elementor-element elementor-element-338e70c e-con-full e-flex e-con e-child\" data-id=\"338e70c\" data-element_type=\"container\" data-e-type=\"container\">\n\t\t\t\t<div class=\"elementor-element elementor-element-69baa91 elementor-widget elementor-widget-image\" data-id=\"69baa91\" data-element_type=\"widget\" data-e-type=\"widget\" data-widget_type=\"image.default\">\n\t\t\t\t\t\t\t\t\t\t\t\t\t\t\t<img fetchpriority=\"high\" decoding=\"async\" width=\"800\" height=\"800\" src=\"https:\/\/fidelcastrejon.es\/wp-content\/uploads\/2026\/03\/web_fidel_castrejon-Fidel-Castrejon.png\" class=\"attachment-large size-large wp-image-137\" alt=\"\" srcset=\"https:\/\/fidelcastrejon.es\/wp-content\/uploads\/2026\/03\/web_fidel_castrejon-Fidel-Castrejon.png 1024w, https:\/\/fidelcastrejon.es\/wp-content\/uploads\/2026\/03\/web_fidel_castrejon-Fidel-Castrejon-300x300.png 300w, https:\/\/fidelcastrejon.es\/wp-content\/uploads\/2026\/03\/web_fidel_castrejon-Fidel-Castrejon-150x150.png 150w, https:\/\/fidelcastrejon.es\/wp-content\/uploads\/2026\/03\/web_fidel_castrejon-Fidel-Castrejon-768x768.png 768w, https:\/\/fidelcastrejon.es\/wp-content\/uploads\/2026\/03\/web_fidel_castrejon-Fidel-Castrejon-12x12.png 12w\" sizes=\"(max-width: 800px) 100vw, 800px\" \/>\t\t\t\t\t\t\t\t\t\t\t\t\t\t\t<\/div>\n\t\t\t\t<\/div>\n\t\t\t\t\t<\/div>\n\t\t\t\t<\/div>\n\t\t<div class=\"elementor-element elementor-element-dbaa087 e-flex e-con-boxed e-con e-parent\" data-id=\"dbaa087\" data-element_type=\"container\" data-e-type=\"container\" data-settings=\"{&quot;background_background&quot;:&quot;classic&quot;}\">\n\t\t\t\t\t<div class=\"e-con-inner\">\n\t\t<div class=\"elementor-element elementor-element-28d5603 e-con-full e-flex e-con e-child\" data-id=\"28d5603\" data-element_type=\"container\" data-e-type=\"container\">\n\t\t\t\t<div class=\"elementor-element elementor-element-692002a elementor-widget elementor-widget-heading\" data-id=\"692002a\" data-element_type=\"widget\" data-e-type=\"widget\" data-widget_type=\"heading.default\">\n\t\t\t\t\t<h2 class=\"elementor-heading-title elementor-size-default\">Work philosophy<\/h2>\t\t\t\t<\/div>\n\t\t\t\t<div class=\"elementor-element elementor-element-cd2b648 elementor-widget elementor-widget-text-editor\" data-id=\"cd2b648\" data-element_type=\"widget\" data-e-type=\"widget\" data-widget_type=\"text-editor.default\">\n\t\t\t\t\t\t\t\t\t<p data-start=\"1082\" data-end=\"1123\">Communication is not noise. It's connection.<\/p><p data-start=\"1125\" data-end=\"1170\">My way of working is based on three pillars:<\/p>\t\t\t\t\t\t\t\t<\/div>\n\t\t\t\t<\/div>\n\t\t<div class=\"elementor-element elementor-element-4e41d54 e-con-full e-flex e-con e-child\" data-id=\"4e41d54\" data-element_type=\"container\" data-e-type=\"container\">\n\t\t<div class=\"elementor-element elementor-element-4a9d91e e-con-full e-flex e-con e-child\" data-id=\"4a9d91e\" data-element_type=\"container\" data-e-type=\"container\">\n\t\t\t\t<div class=\"elementor-element elementor-element-5d8951a elementor-view-default elementor-position-block-start elementor-mobile-position-block-start elementor-widget elementor-widget-icon-box\" data-id=\"5d8951a\" data-element_type=\"widget\" data-e-type=\"widget\" data-widget_type=\"icon-box.default\">\n\t\t\t\t\t\t\t<div class=\"elementor-icon-box-wrapper\">\n\n\t\t\t\t\t\t<div class=\"elementor-icon-box-icon\">\n\t\t\t\t<span  class=\"elementor-icon\">\n\t\t\t\t<svg aria-hidden=\"true\" class=\"e-font-icon-svg e-fas-horse-head\" viewbox=\"0 0 512 512\" xmlns=\"http:\/\/www.w3.org\/2000\/svg\"><path d=\"M509.8 332.5l-69.9-164.3c-14.9-41.2-50.4-71-93-79.2 18-10.6 46.3-35.9 34.2-82.3-1.3-5-7.1-7.9-12-6.1L166.9 76.3C35.9 123.4 0 238.9 0 398.8V480c0 17.7 14.3 32 32 32h236.2c23.8 0 39.3-25 28.6-46.3L256 384v-.7c-45.6-3.5-84.6-30.7-104.3-69.6-1.6-3.1-.9-6.9 1.6-9.3l12.1-12.1c3.9-3.9 10.6-2.7 12.9 2.4 14.8 33.7 48.2 57.4 87.4 57.4 17.2 0 33-5.1 46.8-13.2l46 63.9c6 8.4 15.7 13.3 26 13.3h50.3c8.5 0 16.6-3.4 22.6-9.4l45.3-39.8c8.9-9.1 11.7-22.6 7.1-34.4zM328 224c-13.3 0-24-10.7-24-24s10.7-24 24-24 24 10.7 24 24-10.7 24-24 24z\"><\/path><\/svg>\t\t\t\t<\/span>\n\t\t\t<\/div>\n\t\t\t\n\t\t\t\t\t\t<div class=\"elementor-icon-box-content\">\n\n\t\t\t\t\t\t\t\t\t<h3 class=\"elementor-icon-box-title\">\n\t\t\t\t\t\t<span  >\n\t\t\t\t\t\t\tStrategy before improvisation\t\t\t\t\t\t<\/span>\n\t\t\t\t\t<\/h3>\n\t\t\t\t\n\t\t\t\t\t\t\t\t\t<p class=\"elementor-icon-box-description\">\n\t\t\t\t\t\tEvery action has a purpose. I analyze your brand, your audience, and your goals to build a clear, coherent, and measurable path.\t\t\t\t\t<\/p>\n\t\t\t\t\n\t\t\t<\/div>\n\t\t\t\n\t\t<\/div>\n\t\t\t\t\t\t<\/div>\n\t\t\t\t<\/div>\n\t\t<div class=\"elementor-element elementor-element-9923d04 e-con-full e-flex e-con e-child\" data-id=\"9923d04\" data-element_type=\"container\" data-e-type=\"container\">\n\t\t\t\t<div class=\"elementor-element elementor-element-311570d elementor-view-default elementor-position-block-start elementor-mobile-position-block-start elementor-widget elementor-widget-icon-box\" data-id=\"311570d\" data-element_type=\"widget\" data-e-type=\"widget\" data-widget_type=\"icon-box.default\">\n\t\t\t\t\t\t\t<div class=\"elementor-icon-box-wrapper\">\n\n\t\t\t\t\t\t<div class=\"elementor-icon-box-icon\">\n\t\t\t\t<span  class=\"elementor-icon\">\n\t\t\t\t<svg aria-hidden=\"true\" class=\"e-font-icon-svg e-fas-theater-masks\" viewbox=\"0 0 640 512\" xmlns=\"http:\/\/www.w3.org\/2000\/svg\"><path d=\"M206.86 245.15c-35.88 10.45-59.95 41.2-57.53 74.1 11.4-12.72 28.81-23.7 49.9-30.92l7.63-43.18zM95.81 295L64.08 115.49c-.29-1.62.28-2.62.24-2.65 57.76-32.06 123.12-49.01 189.01-49.01 1.61 0 3.23.17 4.85.19 13.95-13.47 31.73-22.83 51.59-26 18.89-3.02 38.05-4.55 57.18-5.32-9.99-13.95-24.48-24.23-41.77-27C301.27 1.89 277.24 0 253.32 0 176.66 0 101.02 19.42 33.2 57.06 9.03 70.48-3.92 98.48 1.05 126.58l31.73 179.51c14.23 80.52 136.33 142.08 204.45 142.08 3.59 0 6.75-.46 10.01-.8-13.52-17.08-28.94-40.48-39.5-67.58-47.61-12.98-106.06-51.62-111.93-84.79zm97.55-137.46c-.73-4.12-2.23-7.87-4.07-11.4-8.25 8.91-20.67 15.75-35.32 18.32-14.65 2.58-28.67.4-39.48-5.17-.52 3.94-.64 7.98.09 12.1 3.84 21.7 24.58 36.19 46.34 32.37 21.75-3.82 36.28-24.52 32.44-46.22zM606.8 120.9c-88.98-49.38-191.43-67.41-291.98-51.35-27.31 4.36-49.08 26.26-54.04 54.36l-31.73 179.51c-15.39 87.05 95.28 196.27 158.31 207.35 63.03 11.09 204.47-53.79 219.86-140.84l31.73-179.51c4.97-28.11-7.98-56.11-32.15-69.52zm-273.24 96.8c3.84-21.7 24.58-36.19 46.34-32.36 21.76 3.83 36.28 24.52 32.45 46.22-.73 4.12-2.23 7.87-4.07 11.4-8.25-8.91-20.67-15.75-35.32-18.32-14.65-2.58-28.67-.4-39.48 5.17-.53-3.95-.65-7.99.08-12.11zm70.47 198.76c-55.68-9.79-93.52-59.27-89.04-112.9 20.6 25.54 56.21 46.17 99.49 53.78 43.28 7.61 83.82.37 111.93-16.6-14.18 51.94-66.71 85.51-122.38 75.72zm130.3-151.34c-8.25-8.91-20.68-15.75-35.33-18.32-14.65-2.58-28.67-.4-39.48 5.17-.52-3.94-.64-7.98.09-12.1 3.84-21.7 24.58-36.19 46.34-32.37 21.75 3.83 36.28 24.52 32.45 46.22-.73 4.13-2.23 7.88-4.07 11.4z\"><\/path><\/svg>\t\t\t\t<\/span>\n\t\t\t<\/div>\n\t\t\t\n\t\t\t\t\t\t<div class=\"elementor-icon-box-content\">\n\n\t\t\t\t\t\t\t\t\t<h3 class=\"elementor-icon-box-title\">\n\t\t\t\t\t\t<span  >\n\t\t\t\t\t\t\tCreativity with intention\t\t\t\t\t\t<\/span>\n\t\t\t\t\t<\/h3>\n\t\t\t\t\n\t\t\t\t\t\t\t\t\t<p class=\"elementor-icon-box-description\">\n\t\t\t\t\t\tIt's not about creating content for the sake of it, but about creating pieces that add value, stand out, and connect. Creativity works best when it has direction.\t\t\t\t\t<\/p>\n\t\t\t\t\n\t\t\t<\/div>\n\t\t\t\n\t\t<\/div>\n\t\t\t\t\t\t<\/div>\n\t\t\t\t<\/div>\n\t\t<div class=\"elementor-element elementor-element-99573a3 e-con-full e-flex e-con e-child\" data-id=\"99573a3\" data-element_type=\"container\" data-e-type=\"container\">\n\t\t\t\t<div class=\"elementor-element elementor-element-71d52a0 elementor-view-default elementor-position-block-start elementor-mobile-position-block-start elementor-widget elementor-widget-icon-box\" data-id=\"71d52a0\" data-element_type=\"widget\" data-e-type=\"widget\" data-widget_type=\"icon-box.default\">\n\t\t\t\t\t\t\t<div class=\"elementor-icon-box-wrapper\">\n\n\t\t\t\t\t\t<div class=\"elementor-icon-box-icon\">\n\t\t\t\t<span  class=\"elementor-icon\">\n\t\t\t\t<svg aria-hidden=\"true\" class=\"e-font-icon-svg e-fas-hand-holding-heart\" viewbox=\"0 0 576 512\" xmlns=\"http:\/\/www.w3.org\/2000\/svg\"><path d=\"M275.3 250.5c7 7.4 18.4 7.4 25.5 0l108.9-114.2c31.6-33.2 29.8-88.2-5.6-118.8-30.8-26.7-76.7-21.9-104.9 7.7L288 36.9l-11.1-11.6C248.7-4.4 202.8-9.2 172 17.5c-35.3 30.6-37.2 85.6-5.6 118.8l108.9 114.2zm290 77.6c-11.8-10.7-30.2-10-42.6 0L430.3 402c-11.3 9.1-25.4 14-40 14H272c-8.8 0-16-7.2-16-16s7.2-16 16-16h78.3c15.9 0 30.7-10.9 33.3-26.6 3.3-20-12.1-37.4-31.6-37.4H192c-27 0-53.1 9.3-74.1 26.3L71.4 384H16c-8.8 0-16 7.2-16 16v96c0 8.8 7.2 16 16 16h356.8c14.5 0 28.6-4.9 40-14L564 377c15.2-12.1 16.4-35.3 1.3-48.9z\"><\/path><\/svg>\t\t\t\t<\/span>\n\t\t\t<\/div>\n\t\t\t\n\t\t\t\t\t\t<div class=\"elementor-icon-box-content\">\n\n\t\t\t\t\t\t\t\t\t<h3 class=\"elementor-icon-box-title\">\n\t\t\t\t\t\t<span  >\n\t\t\t\t\t\t\tCloseness and authenticity\t\t\t\t\t\t<\/span>\n\t\t\t\t\t<\/h3>\n\t\t\t\t\n\t\t\t\t\t\t\t\t\t<p class=\"elementor-icon-box-description\">\n\t\t\t\t\t\tThe brands that truly stand out are the ones that feel human. I work to ensure your communication is natural, honest, and relatable.\t\t\t\t\t<\/p>\n\t\t\t\t\n\t\t\t<\/div>\n\t\t\t\n\t\t<\/div>\n\t\t\t\t\t\t<\/div>\n\t\t\t\t<\/div>\n\t\t\t\t<\/div>\n\t\t\t\t\t<\/div>\n\t\t\t\t<\/div>\n\t\t<div class=\"elementor-element elementor-element-36ec8e3 e-flex e-con-boxed e-con e-parent\" data-id=\"36ec8e3\" data-element_type=\"container\" data-e-type=\"container\" data-settings=\"{&quot;background_background&quot;:&quot;classic&quot;}\">\n\t\t\t\t\t<div class=\"e-con-inner\">\n\t\t<div class=\"elementor-element elementor-element-9140858 e-con-full e-flex e-con e-child\" data-id=\"9140858\" data-element_type=\"container\" data-e-type=\"container\" data-settings=\"{&quot;background_background&quot;:&quot;classic&quot;}\">\n\t\t\t\t<div class=\"elementor-element elementor-element-1d57b58 elementor-widget elementor-widget-heading\" data-id=\"1d57b58\" data-element_type=\"widget\" data-e-type=\"widget\" data-widget_type=\"heading.default\">\n\t\t\t\t\t<h2 class=\"elementor-heading-title elementor-size-default\">Your brand has a story, let's tell it the way it deserves.<\/h2>\t\t\t\t<\/div>\n\t\t\t\t<div class=\"elementor-element elementor-element-7bcbc7f elementor-widget elementor-widget-text-editor\" data-id=\"7bcbc7f\" data-element_type=\"widget\" data-e-type=\"widget\" data-widget_type=\"text-editor.default\">\n\t\t\t\t\t\t\t\t\t<p>Discover how I can help you:<\/p>\t\t\t\t\t\t\t\t<\/div>\n\t\t\t\t<div class=\"elementor-element elementor-element-95faa5e elementor-widget elementor-widget-button\" data-id=\"95faa5e\" data-element_type=\"widget\" data-e-type=\"widget\" data-widget_type=\"button.default\">\n\t\t\t\t\t\t\t\t\t\t<a class=\"elementor-button elementor-button-link elementor-size-sm elementor-animation-grow\" href=\"\/en\/servicios\/\">\n\t\t\t\t\t\t<span class=\"elementor-button-content-wrapper\">\n\t\t\t\t\t\t<span class=\"elementor-button-icon\">\n\t\t\t\t<svg aria-hidden=\"true\" class=\"e-font-icon-svg e-far-hand-point-right\" viewbox=\"0 0 512 512\" xmlns=\"http:\/\/www.w3.org\/2000\/svg\"><path d=\"M428.8 137.6h-86.177a115.52 115.52 0 0 0 2.176-22.4c0-47.914-35.072-83.2-92-83.2-45.314 0-57.002 48.537-75.707 78.784-7.735 12.413-16.994 23.317-25.851 33.253l-.131.146-.129.148C135.662 161.807 127.764 168 120.8 168h-2.679c-5.747-4.952-13.536-8-22.12-8H32c-17.673 0-32 12.894-32 28.8v230.4C0 435.106 14.327 448 32 448h64c8.584 0 16.373-3.048 22.12-8h2.679c28.688 0 67.137 40 127.2 40h21.299c62.542 0 98.8-38.658 99.94-91.145 12.482-17.813 18.491-40.785 15.985-62.791A93.148 93.148 0 0 0 393.152 304H428.8c45.435 0 83.2-37.584 83.2-83.2 0-45.099-38.101-83.2-83.2-83.2zm0 118.4h-91.026c12.837 14.669 14.415 42.825-4.95 61.05 11.227 19.646 1.687 45.624-12.925 53.625 6.524 39.128-10.076 61.325-50.6 61.325H248c-45.491 0-77.21-35.913-120-39.676V215.571c25.239-2.964 42.966-21.222 59.075-39.596 11.275-12.65 21.725-25.3 30.799-39.875C232.355 112.712 244.006 80 252.8 80c23.375 0 44 8.8 44 35.2 0 35.2-26.4 53.075-26.4 70.4h158.4c18.425 0 35.2 16.5 35.2 35.2 0 18.975-16.225 35.2-35.2 35.2zM88 384c0 13.255-10.745 24-24 24s-24-10.745-24-24 10.745-24 24-24 24 10.745 24 24z\"><\/path><\/svg>\t\t\t<\/span>\n\t\t\t\t\t\t\t\t\t<span class=\"elementor-button-text\">Services<\/span>\n\t\t\t\t\t<\/span>\n\t\t\t\t\t<\/a>\n\t\t\t\t\t\t\t\t<\/div>\n\t\t\t\t<\/div>\n\t\t\t\t\t<\/div>\n\t\t\t\t<\/div>\n\t\t\t\t<\/div>","protected":false},"excerpt":{"rendered":"<p>Fidel Castrej\u00f3n Ram\u00edrez Experto en Marketing y Comunicaci\u00f3n Convierte tu comunicaci\u00f3n en algo que realmente conecte \u00bfQui\u00e9n soy? Soy Fidel, profesional de marketing y comunicaci\u00f3n. Transformo ideas en historias que conectan y generan impacto. He trabajado como periodista, community manager y responsable de marketing, aprendiendo que comunicar no es solo hablar, sino emocionar, aportar valor [&hellip;]<\/p>\n","protected":false},"author":1,"featured_media":0,"parent":0,"menu_order":0,"comment_status":"closed","ping_status":"closed","template":"elementor_canvas","meta":{"footnotes":""},"class_list":["post-2","page","type-page","status-publish","hentry"],"yoast_head":"<!-- This site is optimized with the Yoast SEO plugin v27.3 - https:\/\/yoast.com\/product\/yoast-seo-wordpress\/ -->\n<title>Inicio - Fidel Castrejon<\/title>\n<meta name=\"robots\" content=\"index, follow, max-snippet:-1, max-image-preview:large, max-video-preview:-1\" \/>\n<link rel=\"canonical\" href=\"https:\/\/fidelcastrejon.es\/en\/\" \/>\n<meta property=\"og:locale\" content=\"en_GB\" \/>\n<meta property=\"og:type\" content=\"article\" \/>\n<meta property=\"og:title\" content=\"Inicio - Fidel Castrejon\" \/>\n<meta property=\"og:description\" content=\"Fidel Castrej\u00f3n Ram\u00edrez Experto en Marketing y Comunicaci\u00f3n Convierte tu comunicaci\u00f3n en algo que realmente conecte \u00bfQui\u00e9n soy? Soy Fidel, profesional de marketing y comunicaci\u00f3n. Transformo ideas en historias que conectan y generan impacto. He trabajado como periodista, community manager y responsable de marketing, aprendiendo que comunicar no es solo hablar, sino emocionar, aportar valor [&hellip;]\" \/>\n<meta property=\"og:url\" content=\"https:\/\/fidelcastrejon.es\/en\/\" \/>\n<meta property=\"og:site_name\" content=\"Fidel Castrejon\" \/>\n<meta property=\"article:modified_time\" content=\"2026-03-31T09:04:43+00:00\" \/>\n<meta property=\"og:image\" content=\"https:\/\/fidelcastrejon.es\/wp-content\/uploads\/2026\/03\/web_fidel_castrejon-Fidel-Castrejon.png\" \/>\n<meta name=\"twitter:card\" content=\"summary_large_image\" \/>\n<meta name=\"twitter:label1\" content=\"Estimated reading time\" \/>\n\t<meta name=\"twitter:data1\" content=\"1 minute\" \/>\n<script type=\"application\/ld+json\" class=\"yoast-schema-graph\">{\"@context\":\"https:\\\/\\\/schema.org\",\"@graph\":[{\"@type\":\"WebPage\",\"@id\":\"https:\\\/\\\/fidelcastrejon.es\\\/\",\"url\":\"https:\\\/\\\/fidelcastrejon.es\\\/\",\"name\":\"Inicio - Fidel Castrejon\",\"isPartOf\":{\"@id\":\"https:\\\/\\\/fidelcastrejon.es\\\/#website\"},\"primaryImageOfPage\":{\"@id\":\"https:\\\/\\\/fidelcastrejon.es\\\/#primaryimage\"},\"image\":{\"@id\":\"https:\\\/\\\/fidelcastrejon.es\\\/#primaryimage\"},\"thumbnailUrl\":\"https:\\\/\\\/fidelcastrejon.es\\\/wp-content\\\/uploads\\\/2026\\\/03\\\/web_fidel_castrejon-Fidel-Castrejon.png\",\"datePublished\":\"2026-03-30T08:20:13+00:00\",\"dateModified\":\"2026-03-31T09:04:43+00:00\",\"breadcrumb\":{\"@id\":\"https:\\\/\\\/fidelcastrejon.es\\\/#breadcrumb\"},\"inLanguage\":\"en-GB\",\"potentialAction\":[{\"@type\":\"ReadAction\",\"target\":[\"https:\\\/\\\/fidelcastrejon.es\\\/\"]}]},{\"@type\":\"ImageObject\",\"inLanguage\":\"en-GB\",\"@id\":\"https:\\\/\\\/fidelcastrejon.es\\\/#primaryimage\",\"url\":\"https:\\\/\\\/fidelcastrejon.es\\\/wp-content\\\/uploads\\\/2026\\\/03\\\/web_fidel_castrejon-Fidel-Castrejon.png\",\"contentUrl\":\"https:\\\/\\\/fidelcastrejon.es\\\/wp-content\\\/uploads\\\/2026\\\/03\\\/web_fidel_castrejon-Fidel-Castrejon.png\"},{\"@type\":\"BreadcrumbList\",\"@id\":\"https:\\\/\\\/fidelcastrejon.es\\\/#breadcrumb\",\"itemListElement\":[{\"@type\":\"ListItem\",\"position\":1,\"name\":\"Portada\",\"item\":\"https:\\\/\\\/fidelcastrejon.es\\\/\"},{\"@type\":\"ListItem\",\"position\":2,\"name\":\"Inicio\"}]},{\"@type\":\"WebSite\",\"@id\":\"https:\\\/\\\/fidelcastrejon.es\\\/#website\",\"url\":\"https:\\\/\\\/fidelcastrejon.es\\\/\",\"name\":\"Fidel Castrejon\",\"description\":\"Profesional en Marketing y Comunicaci\u00f3n en Madrid \\\/ +34 605 543 330\",\"publisher\":{\"@id\":\"https:\\\/\\\/fidelcastrejon.es\\\/#organization\"},\"potentialAction\":[{\"@type\":\"SearchAction\",\"target\":{\"@type\":\"EntryPoint\",\"urlTemplate\":\"https:\\\/\\\/fidelcastrejon.es\\\/?s={search_term_string}\"},\"query-input\":{\"@type\":\"PropertyValueSpecification\",\"valueRequired\":true,\"valueName\":\"search_term_string\"}}],\"inLanguage\":\"en-GB\"},{\"@type\":\"Organization\",\"@id\":\"https:\\\/\\\/fidelcastrejon.es\\\/#organization\",\"name\":\"Fidel Castrejon\",\"url\":\"https:\\\/\\\/fidelcastrejon.es\\\/\",\"logo\":{\"@type\":\"ImageObject\",\"inLanguage\":\"en-GB\",\"@id\":\"https:\\\/\\\/fidelcastrejon.es\\\/#\\\/schema\\\/logo\\\/image\\\/\",\"url\":\"https:\\\/\\\/fidelcastrejon.es\\\/wp-content\\\/uploads\\\/2026\\\/03\\\/Diseno-sin-titulo.png\",\"contentUrl\":\"https:\\\/\\\/fidelcastrejon.es\\\/wp-content\\\/uploads\\\/2026\\\/03\\\/Diseno-sin-titulo.png\",\"width\":2000,\"height\":2000,\"caption\":\"Fidel Castrejon\"},\"image\":{\"@id\":\"https:\\\/\\\/fidelcastrejon.es\\\/#\\\/schema\\\/logo\\\/image\\\/\"}}]}<\/script>\n<!-- \/ Yoast SEO plugin. -->","yoast_head_json":{"title":"Inicio - Fidel Castrejon","robots":{"index":"index","follow":"follow","max-snippet":"max-snippet:-1","max-image-preview":"max-image-preview:large","max-video-preview":"max-video-preview:-1"},"canonical":"https:\/\/fidelcastrejon.es\/en\/","og_locale":"en_GB","og_type":"article","og_title":"Inicio - Fidel Castrejon","og_description":"Fidel Castrej\u00f3n Ram\u00edrez Experto en Marketing y Comunicaci\u00f3n Convierte tu comunicaci\u00f3n en algo que realmente conecte \u00bfQui\u00e9n soy? Soy Fidel, profesional de marketing y comunicaci\u00f3n. Transformo ideas en historias que conectan y generan impacto. He trabajado como periodista, community manager y responsable de marketing, aprendiendo que comunicar no es solo hablar, sino emocionar, aportar valor [&hellip;]","og_url":"https:\/\/fidelcastrejon.es\/en\/","og_site_name":"Fidel Castrejon","article_modified_time":"2026-03-31T09:04:43+00:00","og_image":[{"url":"https:\/\/fidelcastrejon.es\/wp-content\/uploads\/2026\/03\/web_fidel_castrejon-Fidel-Castrejon.png","type":"","width":"","height":""}],"twitter_card":"summary_large_image","twitter_misc":{"Estimated reading time":"1 minute"},"schema":{"@context":"https:\/\/schema.org","@graph":[{"@type":"WebPage","@id":"https:\/\/fidelcastrejon.es\/","url":"https:\/\/fidelcastrejon.es\/","name":"Inicio - Fidel Castrejon","isPartOf":{"@id":"https:\/\/fidelcastrejon.es\/#website"},"primaryImageOfPage":{"@id":"https:\/\/fidelcastrejon.es\/#primaryimage"},"image":{"@id":"https:\/\/fidelcastrejon.es\/#primaryimage"},"thumbnailUrl":"https:\/\/fidelcastrejon.es\/wp-content\/uploads\/2026\/03\/web_fidel_castrejon-Fidel-Castrejon.png","datePublished":"2026-03-30T08:20:13+00:00","dateModified":"2026-03-31T09:04:43+00:00","breadcrumb":{"@id":"https:\/\/fidelcastrejon.es\/#breadcrumb"},"inLanguage":"en-GB","potentialAction":[{"@type":"ReadAction","target":["https:\/\/fidelcastrejon.es\/"]}]},{"@type":"ImageObject","inLanguage":"en-GB","@id":"https:\/\/fidelcastrejon.es\/#primaryimage","url":"https:\/\/fidelcastrejon.es\/wp-content\/uploads\/2026\/03\/web_fidel_castrejon-Fidel-Castrejon.png","contentUrl":"https:\/\/fidelcastrejon.es\/wp-content\/uploads\/2026\/03\/web_fidel_castrejon-Fidel-Castrejon.png"},{"@type":"BreadcrumbList","@id":"https:\/\/fidelcastrejon.es\/#breadcrumb","itemListElement":[{"@type":"ListItem","position":1,"name":"Portada","item":"https:\/\/fidelcastrejon.es\/"},{"@type":"ListItem","position":2,"name":"Inicio"}]},{"@type":"WebSite","@id":"https:\/\/fidelcastrejon.es\/#website","url":"https:\/\/fidelcastrejon.es\/","name":"Fidel Castrejon","description":"Profesional en Marketing y Comunicaci\u00f3n en Madrid \/ +34 605 543 330","publisher":{"@id":"https:\/\/fidelcastrejon.es\/#organization"},"potentialAction":[{"@type":"SearchAction","target":{"@type":"EntryPoint","urlTemplate":"https:\/\/fidelcastrejon.es\/?s={search_term_string}"},"query-input":{"@type":"PropertyValueSpecification","valueRequired":true,"valueName":"search_term_string"}}],"inLanguage":"en-GB"},{"@type":"Organization","@id":"https:\/\/fidelcastrejon.es\/#organization","name":"Fidel Castrejon","url":"https:\/\/fidelcastrejon.es\/","logo":{"@type":"ImageObject","inLanguage":"en-GB","@id":"https:\/\/fidelcastrejon.es\/#\/schema\/logo\/image\/","url":"https:\/\/fidelcastrejon.es\/wp-content\/uploads\/2026\/03\/Diseno-sin-titulo.png","contentUrl":"https:\/\/fidelcastrejon.es\/wp-content\/uploads\/2026\/03\/Diseno-sin-titulo.png","width":2000,"height":2000,"caption":"Fidel Castrejon"},"image":{"@id":"https:\/\/fidelcastrejon.es\/#\/schema\/logo\/image\/"}}]}},"_links":{"self":[{"href":"https:\/\/fidelcastrejon.es\/en\/wp-json\/wp\/v2\/pages\/2","targetHints":{"allow":["GET"]}}],"collection":[{"href":"https:\/\/fidelcastrejon.es\/en\/wp-json\/wp\/v2\/pages"}],"about":[{"href":"https:\/\/fidelcastrejon.es\/en\/wp-json\/wp\/v2\/types\/page"}],"author":[{"embeddable":true,"href":"https:\/\/fidelcastrejon.es\/en\/wp-json\/wp\/v2\/users\/1"}],"replies":[{"embeddable":true,"href":"https:\/\/fidelcastrejon.es\/en\/wp-json\/wp\/v2\/comments?post=2"}],"version-history":[{"count":43,"href":"https:\/\/fidelcastrejon.es\/en\/wp-json\/wp\/v2\/pages\/2\/revisions"}],"predecessor-version":[{"id":170,"href":"https:\/\/fidelcastrejon.es\/en\/wp-json\/wp\/v2\/pages\/2\/revisions\/170"}],"wp:attachment":[{"href":"https:\/\/fidelcastrejon.es\/en\/wp-json\/wp\/v2\/media?parent=2"}],"curies":[{"name":"wp","href":"https:\/\/api.w.org\/{rel}","templated":true}]}}